{"id":5571,"date":"2022-10-23T14:40:39","date_gmt":"2022-10-23T14:40:39","guid":{"rendered":"https:\/\/ttarch.pl\/?page_id=5571"},"modified":"2022-11-21T21:09:53","modified_gmt":"2022-11-21T21:09:53","slug":"obiekty","status":"publish","type":"page","link":"https:\/\/ttarch.pl\/en\/obiekty\/","title":{"rendered":"Facilities"},"content":{"rendered":"<div data-elementor-type=\"wp-page\" data-elementor-id=\"5571\" class=\"elementor elementor-5571\" data-elementor-post-type=\"page\">\n\t\t\t\t\t\t\t\t\t<section class=\"elementor-section elementor-top-section elementor-element elementor-element-32b1bfd elementor-section-full_width elementor-section-height-default elementor-section-height-default\" data-id=\"32b1bfd\" data-element_type=\"section\" data-settings=\"{&quot;background_background&quot;:&quot;classic&quot;,&quot;jet_parallax_layout_list&quot;:[]}\">\n\t\t\t\t\t\t<div class=\"elementor-container elementor-column-gap-default\">\n\t\t\t\t\t<div class=\"elementor-column elementor-col-100 elementor-top-column elementor-element elementor-element-fbc1ce9 ot-flex-column-vertical\" data-id=\"fbc1ce9\" data-element_type=\"column\">\n\t\t\t<div class=\"elementor-widget-wrap elementor-element-populated\">\n\t\t\t\t\t\t\t\t<div class=\"elementor-element elementor-element-b50eb0f theratio-align-center elementor-widget elementor-widget-iheading\" data-id=\"b50eb0f\" data-element_type=\"widget\" data-widget_type=\"iheading.default\">\n\t\t\t\t<div class=\"elementor-widget-container\">\n\t\t\t\t\t<div class=\"ot-heading is-dots\">\r\n\t        \t        <h2 class=\"main-heading\">Facilities<\/h2>\r\n\t        \t    <\/div>\r\n\t    \t\t<\/div>\n\t\t\t\t<\/div>\n\t\t\t\t<section class=\"elementor-section elementor-inner-section elementor-element elementor-element-fafd1d3 elementor-section-boxed elementor-section-height-default elementor-section-height-default\" data-id=\"fafd1d3\" data-element_type=\"section\" data-settings=\"{&quot;jet_parallax_layout_list&quot;:[]}\">\n\t\t\t\t\t\t<div class=\"elementor-container elementor-column-gap-default\">\n\t\t\t\t\t<div class=\"elementor-column elementor-col-100 elementor-inner-column elementor-element elementor-element-9bf95a7 ot-flex-column-vertical\" data-id=\"9bf95a7\" data-element_type=\"column\">\n\t\t\t<div class=\"elementor-widget-wrap elementor-element-populated\">\n\t\t\t\t\t\t\t\t<div class=\"elementor-element elementor-element-3c07289 elementor-widget elementor-widget-text-editor\" data-id=\"3c07289\" data-element_type=\"widget\" data-widget_type=\"text-editor.default\">\n\t\t\t\t<div class=\"elementor-widget-container\">\n\t\t\t<style>\/*! elementor - v3.15.0 - 20-08-2023 *\/\n.elementor-widget-text-editor.elementor-drop-cap-view-stacked .elementor-drop-cap{background-color:#69727d;color:#fff}.elementor-widget-text-editor.elementor-drop-cap-view-framed .elementor-drop-cap{color:#69727d;border:3px solid;background-color:transparent}.elementor-widget-text-editor:not(.elementor-drop-cap-view-default) .elementor-drop-cap{margin-top:8px}.elementor-widget-text-editor:not(.elementor-drop-cap-view-default) .elementor-drop-cap-letter{width:1em;height:1em}.elementor-widget-text-editor .elementor-drop-cap{float:left;text-align:center;line-height:1;font-size:50px}.elementor-widget-text-editor .elementor-drop-cap-letter{display:inline-block}<\/style>\t\t\t\tWe present TT Arch's projects for clients from various industries \u2013 our portfolio includes numerous projects for investments: shopping malls, housing estates \u2013 multi-family and single-family buildings, hotels, office spaces, public utility buildings, commercial buildings, production halls and residential houses and interiors.\t\t\t\t\t\t<\/div>\n\t\t\t\t<\/div>\n\t\t\t\t\t<\/div>\n\t\t<\/div>\n\t\t\t\t\t\t\t<\/div>\n\t\t<\/section>\n\t\t\t\t<div class=\"elementor-element elementor-element-41dcfc1 elementor-widget elementor-widget-ipfilter_metro\" data-id=\"41dcfc1\" data-element_type=\"widget\" data-widget_type=\"ipfilter_metro.default\">\n\t\t\t\t<div class=\"elementor-widget-container\">\n\t\t\t\r\n\t\t<div class=\"project-filter-wrapper\">\r\n\t\t\t\t        \t<div class=\"container\">\r\n\t        \t\t<ul class=\"project_filters\">\r\n\t        \t\t\t\t        \t\t\t \t<li><a href=\"#\" data-filter=\"*\" class=\"selected btn-details\">EVERYTHING<span class=\"filter-count\"><\/span><\/a><\/li>\r\n\t        \t\t\t\t\t                \t\t                \t<li><a class=\"btn-details\" href='#' data-filter='.category-33'>office spaces<span class=\"filter-count\"><\/span><\/a><\/li>\t                   \r\n\t\t                \t\t                \t<li><a class=\"btn-details\" href='#' data-filter='.category-34'>Hotels<span class=\"filter-count\"><\/span><\/a><\/li>\t                   \r\n\t\t                \t\t                \t<li><a class=\"btn-details\" href='#' data-filter='.category-35'>CONCEPTUAL<span class=\"filter-count\"><\/span><\/a><\/li>\t                   \r\n\t\t                \t\t                \t<li><a class=\"btn-details\" href='#' data-filter='.category-36'>RESIDENTIAL<span class=\"filter-count\"><\/span><\/a><\/li>\t                   \r\n\t\t                \t\t                \t<li><a class=\"btn-details\" href='#' data-filter='.category-37'>PUBLIC<span class=\"filter-count\"><\/span><\/a><\/li>\t                   \r\n\t\t                \t\t\t\t\t<\/ul>\r\n\t\t\t\t<\/div>\r\n\t        \t\t\t\t        <div id=\"projects-grid\" class=\"projects-grid pf_4_cols style-2 img-scale w-auto\" data-load=\"4\" data-count=\"43\">\r\n\t\t\t<div class=\"grid-sizer\"><\/div>\r\n\t            <div class=\"project-item category-34 category-15\">\r\n\t<div class=\"projects-box\">\r\n\t\t<div class=\"projects-thumbnail\" data-src=\"https:\/\/ttarch.pl\/wp-content\/uploads\/2023\/09\/1-4.png\" data-sub-html=\"Warszawa Bielany Apart Hotel\">\r\n\t\t\t<a href=\"https:\/\/ttarch.pl\/en\/portfolio\/warszawa-bielany-apart-hotel\/\">\r\n\t\t\t\t<img loading=\"lazy\" width=\"720\" height=\"720\" src=\"https:\/\/ttarch.pl\/wp-content\/uploads\/2023\/09\/1-4-720x720.png\" class=\"attachment-theratio-portfolio-thumbnail-grid size-theratio-portfolio-thumbnail-grid wp-post-image\" alt=\"\" decoding=\"async\" srcset=\"https:\/\/ttarch.pl\/wp-content\/uploads\/2023\/09\/1-4-720x720.png 720w, https:\/\/ttarch.pl\/wp-content\/uploads\/2023\/09\/1-4-150x150.png 150w\" sizes=\"(max-width: 720px) 100vw, 720px\" \/>\t\t\t<\/a>\r\n\t\t\t<span class=\"overlay\">\r\n\t\t\t\t<h5>Warszawa Bielany Apart Hotel<\/h5>\r\n\t\t\t\t<i class=\"ot-flaticon-add\"><\/i>\r\n\t\t\t<\/span>\r\n\t\t<\/div>\r\n\t\t<div class=\"portfolio-info\">\r\n\t\t\t<div class=\"portfolio-info-inner\">\r\n\t\t\t\t<h5><a class=\"title-link\" href=\"https:\/\/ttarch.pl\/en\/portfolio\/warszawa-bielany-apart-hotel\/\" data-src=\"https:\/\/ttarch.pl\/wp-content\/uploads\/2023\/09\/1-4.png\" data-sub-html=\"Warszawa Bielany Apart Hotel\">Warszawa Bielany Apart Hotel<\/a><\/h5>\r\n\t\t\t\t<p class=\"portfolio-cates\"><a href=\"https:\/\/ttarch.pl\/en\/portfolio-category\/hotele\/\">Hotels<\/a><a href=\"https:\/\/ttarch.pl\/en\/portfolio-category\/obiekty\/\">Facilities<\/a><\/p> \r\n\t\t\t<\/div>\r\n\t\t\t<a class=\"overlay\" href=\"https:\/\/ttarch.pl\/en\/portfolio\/warszawa-bielany-apart-hotel\/\"><\/a>\r\n\t\t<\/div>\r\n\t<\/div>\r\n<\/div><div class=\"project-item category-36 category-15\">\r\n\t<div class=\"projects-box\">\r\n\t\t<div class=\"projects-thumbnail\" data-src=\"https:\/\/ttarch.pl\/wp-content\/uploads\/2023\/09\/KSI_01__n.png\" data-sub-html=\"Warszawa ul. Ksi\u0119\u017cycowa\">\r\n\t\t\t<a href=\"https:\/\/ttarch.pl\/en\/portfolio\/warszawa-ul-ksiezycowa\/\">\r\n\t\t\t\t<img loading=\"lazy\" width=\"720\" height=\"720\" src=\"https:\/\/ttarch.pl\/wp-content\/uploads\/2023\/09\/KSI_01__n-720x720.png\" class=\"attachment-theratio-portfolio-thumbnail-grid size-theratio-portfolio-thumbnail-grid wp-post-image\" alt=\"\" decoding=\"async\" srcset=\"https:\/\/ttarch.pl\/wp-content\/uploads\/2023\/09\/KSI_01__n-720x720.png 720w, https:\/\/ttarch.pl\/wp-content\/uploads\/2023\/09\/KSI_01__n-150x150.png 150w\" sizes=\"(max-width: 720px) 100vw, 720px\" \/>\t\t\t<\/a>\r\n\t\t\t<span class=\"overlay\">\r\n\t\t\t\t<h5>Warszawa ul. Ksi\u0119\u017cycowa<\/h5>\r\n\t\t\t\t<i class=\"ot-flaticon-add\"><\/i>\r\n\t\t\t<\/span>\r\n\t\t<\/div>\r\n\t\t<div class=\"portfolio-info\">\r\n\t\t\t<div class=\"portfolio-info-inner\">\r\n\t\t\t\t<h5><a class=\"title-link\" href=\"https:\/\/ttarch.pl\/en\/portfolio\/warszawa-ul-ksiezycowa\/\" data-src=\"https:\/\/ttarch.pl\/wp-content\/uploads\/2023\/09\/KSI_01__n.png\" data-sub-html=\"Warszawa ul. Ksi\u0119\u017cycowa\">Warszawa ul. Ksi\u0119\u017cycowa<\/a><\/h5>\r\n\t\t\t\t<p class=\"portfolio-cates\"><a href=\"https:\/\/ttarch.pl\/en\/portfolio-category\/mieszkalne\/\">RESIDENTIAL<\/a><a href=\"https:\/\/ttarch.pl\/en\/portfolio-category\/obiekty\/\">Facilities<\/a><\/p> \r\n\t\t\t<\/div>\r\n\t\t\t<a class=\"overlay\" href=\"https:\/\/ttarch.pl\/en\/portfolio\/warszawa-ul-ksiezycowa\/\"><\/a>\r\n\t\t<\/div>\r\n\t<\/div>\r\n<\/div><div class=\"project-item category-33 category-15\">\r\n\t<div class=\"projects-box\">\r\n\t\t<div class=\"projects-thumbnail\" data-src=\"https:\/\/ttarch.pl\/wp-content\/uploads\/2023\/09\/5-e1694173388148.png\" data-sub-html=\"Warszawa Wola Budynek Wysoko\u015bciowy 182m\">\r\n\t\t\t<a href=\"https:\/\/ttarch.pl\/en\/portfolio\/budynek-wysokosciowy-182m-warszawa-wola\/\">\r\n\t\t\t\t<img loading=\"lazy\" width=\"720\" height=\"720\" src=\"https:\/\/ttarch.pl\/wp-content\/uploads\/2023\/09\/5-e1694173388148-720x720.png\" class=\"attachment-theratio-portfolio-thumbnail-grid size-theratio-portfolio-thumbnail-grid wp-post-image\" alt=\"\" decoding=\"async\" srcset=\"https:\/\/ttarch.pl\/wp-content\/uploads\/2023\/09\/5-e1694173388148-720x720.png 720w, https:\/\/ttarch.pl\/wp-content\/uploads\/2023\/09\/5-e1694173388148-150x150.png 150w\" sizes=\"(max-width: 720px) 100vw, 720px\" \/>\t\t\t<\/a>\r\n\t\t\t<span class=\"overlay\">\r\n\t\t\t\t<h5>Warszawa Wola Budynek Wysoko\u015bciowy 182m<\/h5>\r\n\t\t\t\t<i class=\"ot-flaticon-add\"><\/i>\r\n\t\t\t<\/span>\r\n\t\t<\/div>\r\n\t\t<div class=\"portfolio-info\">\r\n\t\t\t<div class=\"portfolio-info-inner\">\r\n\t\t\t\t<h5><a class=\"title-link\" href=\"https:\/\/ttarch.pl\/en\/portfolio\/budynek-wysokosciowy-182m-warszawa-wola\/\" data-src=\"https:\/\/ttarch.pl\/wp-content\/uploads\/2023\/09\/5-e1694173388148.png\" data-sub-html=\"Warszawa Wola Budynek Wysoko\u015bciowy 182m\">Warszawa Wola Budynek Wysoko\u015bciowy 182m<\/a><\/h5>\r\n\t\t\t\t<p class=\"portfolio-cates\"><a href=\"https:\/\/ttarch.pl\/en\/portfolio-category\/biurowe\/\">office spaces<\/a><a href=\"https:\/\/ttarch.pl\/en\/portfolio-category\/obiekty\/\">Facilities<\/a><\/p> \r\n\t\t\t<\/div>\r\n\t\t\t<a class=\"overlay\" href=\"https:\/\/ttarch.pl\/en\/portfolio\/budynek-wysokosciowy-182m-warszawa-wola\/\"><\/a>\r\n\t\t<\/div>\r\n\t<\/div>\r\n<\/div><div class=\"project-item category-34 category-15\">\r\n\t<div class=\"projects-box\">\r\n\t\t<div class=\"projects-thumbnail\" data-src=\"https:\/\/ttarch.pl\/wp-content\/uploads\/2023\/09\/zanzibar-2-2-scaled.jpg\" data-sub-html=\"Hotel Zanzibar\">\r\n\t\t\t<a href=\"https:\/\/ttarch.pl\/en\/portfolio\/hotel-zanzibar\/\">\r\n\t\t\t\t<img loading=\"lazy\" width=\"720\" height=\"720\" src=\"https:\/\/ttarch.pl\/wp-content\/uploads\/2023\/09\/zanzibar-2-2-720x720.jpg\" class=\"attachment-theratio-portfolio-thumbnail-grid size-theratio-portfolio-thumbnail-grid wp-post-image\" alt=\"\" decoding=\"async\" srcset=\"https:\/\/ttarch.pl\/wp-content\/uploads\/2023\/09\/zanzibar-2-2-720x720.jpg 720w, https:\/\/ttarch.pl\/wp-content\/uploads\/2023\/09\/zanzibar-2-2-150x150.jpg 150w\" sizes=\"(max-width: 720px) 100vw, 720px\" \/>\t\t\t<\/a>\r\n\t\t\t<span class=\"overlay\">\r\n\t\t\t\t<h5>Hotel Zanzibar<\/h5>\r\n\t\t\t\t<i class=\"ot-flaticon-add\"><\/i>\r\n\t\t\t<\/span>\r\n\t\t<\/div>\r\n\t\t<div class=\"portfolio-info\">\r\n\t\t\t<div class=\"portfolio-info-inner\">\r\n\t\t\t\t<h5><a class=\"title-link\" href=\"https:\/\/ttarch.pl\/en\/portfolio\/hotel-zanzibar\/\" data-src=\"https:\/\/ttarch.pl\/wp-content\/uploads\/2023\/09\/zanzibar-2-2-scaled.jpg\" data-sub-html=\"Hotel Zanzibar\">Hotel Zanzibar<\/a><\/h5>\r\n\t\t\t\t<p class=\"portfolio-cates\"><a href=\"https:\/\/ttarch.pl\/en\/portfolio-category\/hotele\/\">Hotels<\/a><a href=\"https:\/\/ttarch.pl\/en\/portfolio-category\/obiekty\/\">Facilities<\/a><\/p> \r\n\t\t\t<\/div>\r\n\t\t\t<a class=\"overlay\" href=\"https:\/\/ttarch.pl\/en\/portfolio\/hotel-zanzibar\/\"><\/a>\r\n\t\t<\/div>\r\n\t<\/div>\r\n<\/div><div class=\"project-item category-34 category-15\">\r\n\t<div class=\"projects-box\">\r\n\t\t<div class=\"projects-thumbnail\" data-src=\"https:\/\/ttarch.pl\/wp-content\/uploads\/2023\/09\/VIZ-BU.png\" data-sub-html=\"Warszawa Praga Po\u0142udnie Apart Hotel\">\r\n\t\t\t<a href=\"https:\/\/ttarch.pl\/en\/portfolio\/apart-hotel-warszawa\/\">\r\n\t\t\t\t<img loading=\"lazy\" width=\"720\" height=\"720\" src=\"https:\/\/ttarch.pl\/wp-content\/uploads\/2023\/09\/VIZ-BU-720x720.png\" class=\"attachment-theratio-portfolio-thumbnail-grid size-theratio-portfolio-thumbnail-grid wp-post-image\" alt=\"\" decoding=\"async\" srcset=\"https:\/\/ttarch.pl\/wp-content\/uploads\/2023\/09\/VIZ-BU-720x720.png 720w, https:\/\/ttarch.pl\/wp-content\/uploads\/2023\/09\/VIZ-BU-150x150.png 150w\" sizes=\"(max-width: 720px) 100vw, 720px\" \/>\t\t\t<\/a>\r\n\t\t\t<span class=\"overlay\">\r\n\t\t\t\t<h5>Warszawa Praga Po\u0142udnie Apart Hotel<\/h5>\r\n\t\t\t\t<i class=\"ot-flaticon-add\"><\/i>\r\n\t\t\t<\/span>\r\n\t\t<\/div>\r\n\t\t<div class=\"portfolio-info\">\r\n\t\t\t<div class=\"portfolio-info-inner\">\r\n\t\t\t\t<h5><a class=\"title-link\" href=\"https:\/\/ttarch.pl\/en\/portfolio\/apart-hotel-warszawa\/\" data-src=\"https:\/\/ttarch.pl\/wp-content\/uploads\/2023\/09\/VIZ-BU.png\" data-sub-html=\"Warszawa Praga Po\u0142udnie Apart Hotel\">Warszawa Praga Po\u0142udnie Apart Hotel<\/a><\/h5>\r\n\t\t\t\t<p class=\"portfolio-cates\"><a href=\"https:\/\/ttarch.pl\/en\/portfolio-category\/hotele\/\">Hotels<\/a><a href=\"https:\/\/ttarch.pl\/en\/portfolio-category\/obiekty\/\">Facilities<\/a><\/p> \r\n\t\t\t<\/div>\r\n\t\t\t<a class=\"overlay\" href=\"https:\/\/ttarch.pl\/en\/portfolio\/apart-hotel-warszawa\/\"><\/a>\r\n\t\t<\/div>\r\n\t<\/div>\r\n<\/div><div class=\"project-item category-36 category-15\">\r\n\t<div class=\"projects-box\">\r\n\t\t<div class=\"projects-thumbnail\" data-src=\"https:\/\/ttarch.pl\/wp-content\/uploads\/2022\/10\/17-scaled.jpg\" data-sub-html=\"Warszawa Aleja Wilanowska\">\r\n\t\t\t<a href=\"https:\/\/ttarch.pl\/en\/portfolio\/hel-ul-steyera\/\">\r\n\t\t\t\t<img loading=\"lazy\" width=\"720\" height=\"720\" src=\"https:\/\/ttarch.pl\/wp-content\/uploads\/2022\/10\/17-720x720.jpg\" class=\"attachment-theratio-portfolio-thumbnail-grid size-theratio-portfolio-thumbnail-grid wp-post-image\" alt=\"\" decoding=\"async\" srcset=\"https:\/\/ttarch.pl\/wp-content\/uploads\/2022\/10\/17-720x720.jpg 720w, https:\/\/ttarch.pl\/wp-content\/uploads\/2022\/10\/17-150x150.jpg 150w\" sizes=\"(max-width: 720px) 100vw, 720px\" \/>\t\t\t<\/a>\r\n\t\t\t<span class=\"overlay\">\r\n\t\t\t\t<h5>Warszawa Aleja Wilanowska<\/h5>\r\n\t\t\t\t<i class=\"ot-flaticon-add\"><\/i>\r\n\t\t\t<\/span>\r\n\t\t<\/div>\r\n\t\t<div class=\"portfolio-info\">\r\n\t\t\t<div class=\"portfolio-info-inner\">\r\n\t\t\t\t<h5><a class=\"title-link\" href=\"https:\/\/ttarch.pl\/en\/portfolio\/hel-ul-steyera\/\" data-src=\"https:\/\/ttarch.pl\/wp-content\/uploads\/2022\/10\/17-scaled.jpg\" data-sub-html=\"Warszawa Aleja Wilanowska\">Warszawa Aleja Wilanowska<\/a><\/h5>\r\n\t\t\t\t<p class=\"portfolio-cates\"><a href=\"https:\/\/ttarch.pl\/en\/portfolio-category\/mieszkalne\/\">RESIDENTIAL<\/a><a href=\"https:\/\/ttarch.pl\/en\/portfolio-category\/obiekty\/\">Facilities<\/a><\/p> \r\n\t\t\t<\/div>\r\n\t\t\t<a class=\"overlay\" href=\"https:\/\/ttarch.pl\/en\/portfolio\/hel-ul-steyera\/\"><\/a>\r\n\t\t<\/div>\r\n\t<\/div>\r\n<\/div>\t\t\t<\/div>\r\n\r\n\t\t\t\t    <\/div>\r\n\t\t\t\t\t\t\t\t\t\t\r\n\t    \t\t<\/div>\n\t\t\t\t<\/div>\n\t\t\t\t\t<\/div>\n\t\t<\/div>\n\t\t\t\t\t\t\t<\/div>\n\t\t<\/section>\n\t\t\t\t\t\t\t<\/div>","protected":false},"excerpt":{"rendered":"<p>Obiekty Przedstawiamy realizacje TT Arch dla klient\u00f3w z r\u00f3\u017cnorodnych bran\u017c &#8211; nasze portfolio obejmuje liczne projekty dla inwestycji: galerii handlowych, osiedli mieszkaniowych &#8211; zabud\u00f3w wielorodzinnych i jednorodzinnych, hoteli, przestrzeni biurowych, obiekt\u00f3w u\u017cyteczno\u015bci publicznej, budynk\u00f3w komercyjnych, hal produkcyjnych oraz dom\u00f3w i wn\u0119trz mieszkalnych. Wszystko Biurowe Hotele Koncepcyjne Mieszkalne Publiczne Hel ul.Steyera Hel ul.Steyera MieszkalneObiekty Warszawa ul. [&hellip;]<\/p>","protected":false},"author":1,"featured_media":5612,"parent":0,"menu_order":0,"comment_status":"closed","ping_status":"closed","template":"elementor_header_footer","meta":{"footnotes":""},"_links":{"self":[{"href":"https:\/\/ttarch.pl\/en\/wp-json\/wp\/v2\/pages\/5571"}],"collection":[{"href":"https:\/\/ttarch.pl\/en\/wp-json\/wp\/v2\/pages"}],"about":[{"href":"https:\/\/ttarch.pl\/en\/wp-json\/wp\/v2\/types\/page"}],"author":[{"embeddable":true,"href":"https:\/\/ttarch.pl\/en\/wp-json\/wp\/v2\/users\/1"}],"replies":[{"embeddable":true,"href":"https:\/\/ttarch.pl\/en\/wp-json\/wp\/v2\/comments?post=5571"}],"version-history":[{"count":32,"href":"https:\/\/ttarch.pl\/en\/wp-json\/wp\/v2\/pages\/5571\/revisions"}],"predecessor-version":[{"id":5813,"href":"https:\/\/ttarch.pl\/en\/wp-json\/wp\/v2\/pages\/5571\/revisions\/5813"}],"wp:featuredmedia":[{"embeddable":true,"href":"https:\/\/ttarch.pl\/en\/wp-json\/wp\/v2\/media\/5612"}],"wp:attachment":[{"href":"https:\/\/ttarch.pl\/en\/wp-json\/wp\/v2\/media?parent=5571"}],"curies":[{"name":"wp","href":"https:\/\/api.w.org\/{rel}","templated":true}]}}