{"id":2539,"date":"2020-05-15T11:00:01","date_gmt":"2020-05-15T11:00:01","guid":{"rendered":"http:\/\/localhost\/theratio\/?page_id=2539"},"modified":"2022-10-23T16:56:49","modified_gmt":"2022-10-23T16:56:49","slug":"projekty-przetargowe","status":"publish","type":"page","link":"https:\/\/ttarch.pl\/en\/oferta\/projekty-przetargowe\/","title":{"rendered":"Tender projects"},"content":{"rendered":"<div data-elementor-type=\"wp-page\" data-elementor-id=\"2539\" class=\"elementor elementor-2539\" data-elementor-post-type=\"page\">\n\t\t\t\t\t\t\t\t\t<section class=\"elementor-section elementor-top-section elementor-element elementor-element-d721fde elementor-section-boxed elementor-section-height-default elementor-section-height-default\" data-id=\"d721fde\" data-element_type=\"section\" data-settings=\"{&quot;jet_parallax_layout_list&quot;:[]}\">\n\t\t\t\t\t\t<div class=\"elementor-container elementor-column-gap-extended\">\n\t\t\t\t\t<div class=\"elementor-column elementor-col-50 elementor-top-column elementor-element elementor-element-d50a038 ot-flex-column-vertical\" data-id=\"d50a038\" data-element_type=\"column\">\n\t\t\t<div class=\"elementor-widget-wrap elementor-element-populated\">\n\t\t\t\t\t\t\t\t<div class=\"elementor-element elementor-element-0277900 widget-area elementor-widget elementor-widget-sidebar\" data-id=\"0277900\" data-element_type=\"widget\" data-widget_type=\"sidebar.default\">\n\t\t\t\t<div class=\"elementor-widget-container\">\n\t\t\t<section id=\"nav_menu-1\" class=\"widget widget_nav_menu\"><div class=\"menu-menu-service-container\"><ul id=\"menu-menu-service\" class=\"menu\"><li id=\"menu-item-2924\" class=\"menu-item menu-item-type-post_type menu-item-object-page menu-item-2924\"><a href=\"https:\/\/ttarch.pl\/en\/oferta\/projekty-budowlane\/\">Construction projects<\/a><\/li>\n<li id=\"menu-item-2929\" class=\"menu-item menu-item-type-post_type menu-item-object-page menu-item-2929\"><a href=\"https:\/\/ttarch.pl\/en\/oferta\/projekty-przetargowe\/\">Tender projects<\/a><\/li>\n<li id=\"menu-item-2928\" class=\"menu-item menu-item-type-post_type menu-item-object-page menu-item-2928\"><a href=\"https:\/\/ttarch.pl\/en\/oferta\/projekty-wnetrz\/\">Interior design projects<\/a><\/li>\n<li id=\"menu-item-2927\" class=\"menu-item menu-item-type-post_type menu-item-object-page menu-item-2927\"><a href=\"https:\/\/ttarch.pl\/en\/oferta\/projekty-techniczne\/\">Technical projects<\/a><\/li>\n<li id=\"menu-item-2926\" class=\"menu-item menu-item-type-post_type menu-item-object-page menu-item-2926\"><a href=\"https:\/\/ttarch.pl\/en\/oferta\/projekty-architektoniczne\/\">Architectural projects<\/a><\/li>\n<li id=\"menu-item-2925\" class=\"menu-item menu-item-type-post_type menu-item-object-page menu-item-2925\"><a href=\"https:\/\/ttarch.pl\/en\/oferta\/koncepcji\/\">Concepts<\/a><\/li>\n<\/ul><\/div><\/section>\t\t<\/div>\n\t\t\t\t<\/div>\n\t\t\t\t\t<\/div>\n\t\t<\/div>\n\t\t\t\t<div class=\"elementor-column elementor-col-50 elementor-top-column elementor-element elementor-element-ef61be7 ot-flex-column-vertical\" data-id=\"ef61be7\" data-element_type=\"column\">\n\t\t\t<div class=\"elementor-widget-wrap elementor-element-populated\">\n\t\t\t\t\t\t\t\t<div class=\"elementor-element elementor-element-e67f761 elementor-widget elementor-widget-text-editor\" data-id=\"e67f761\" data-element_type=\"widget\" data-widget_type=\"text-editor.default\">\n\t\t\t\t<div class=\"elementor-widget-container\">\n\t\t\t<style>\/*! elementor - v3.15.0 - 20-08-2023 *\/\n.elementor-widget-text-editor.elementor-drop-cap-view-stacked .elementor-drop-cap{background-color:#69727d;color:#fff}.elementor-widget-text-editor.elementor-drop-cap-view-framed .elementor-drop-cap{color:#69727d;border:3px solid;background-color:transparent}.elementor-widget-text-editor:not(.elementor-drop-cap-view-default) .elementor-drop-cap{margin-top:8px}.elementor-widget-text-editor:not(.elementor-drop-cap-view-default) .elementor-drop-cap-letter{width:1em;height:1em}.elementor-widget-text-editor .elementor-drop-cap{float:left;text-align:center;line-height:1;font-size:50px}.elementor-widget-text-editor .elementor-drop-cap-letter{display:inline-block}<\/style>\t\t\t\t<p>We develop tender projects constituting the core of safe valuation of planned construction works. Based on the analysis of the client's expectations, the final user of the facility and the scale of the project, we provide premises regarding the construction technology, the plan of placement of its elements, installations or structures used. Our tender projects are a detailed construction project and the development of an inquiry for the implementation of the investment.&nbsp;<\/p>\n<p>We precisely define the subject of the contract, the compilation of materials, but also create a specification of their quantity and quality as well as a cost estimate. You get a comprehensive set of guidelines for the contractor and a basis for determining labor and material inputs. Due to it, you will successfully develop an investment cost estimate.<\/p>\t\t\t\t\t\t<\/div>\n\t\t\t\t<\/div>\n\t\t\t\t\t<\/div>\n\t\t<\/div>\n\t\t\t\t\t\t\t<\/div>\n\t\t<\/section>\n\t\t\t\t<section class=\"elementor-section elementor-top-section elementor-element elementor-element-13daa97 elementor-section-full_width elementor-section-height-default elementor-section-height-default\" data-id=\"13daa97\" data-element_type=\"section\" data-settings=\"{&quot;jet_parallax_layout_list&quot;:[]}\">\n\t\t\t\t\t\t<div class=\"elementor-container elementor-column-gap-default\">\n\t\t\t\t\t<div class=\"elementor-column elementor-col-100 elementor-top-column elementor-element elementor-element-6fbb9c6 ot-flex-column-vertical\" data-id=\"6fbb9c6\" data-element_type=\"column\">\n\t\t\t<div class=\"elementor-widget-wrap elementor-element-populated\">\n\t\t\t\t\t\t\t\t<div class=\"elementor-element elementor-element-6452e63 elementor-widget elementor-widget-ipfilter_metro\" data-id=\"6452e63\" data-element_type=\"widget\" data-widget_type=\"ipfilter_metro.default\">\n\t\t\t\t<div class=\"elementor-widget-container\">\n\t\t\t\r\n\t\t<div class=\"project-filter-wrapper\">\r\n\t\t\t\t\t\t\t        <div id=\"projects-grid\" class=\"projects-grid pf_4_cols style-2 img-scale w-auto\" data-load=\"\" data-count=\"56\">\r\n\t\t\t<div class=\"grid-sizer\"><\/div>\r\n\t            <div class=\"project-item category-34 category-15\">\r\n\t<div class=\"projects-box\">\r\n\t\t<div class=\"projects-thumbnail\" data-src=\"https:\/\/ttarch.pl\/wp-content\/uploads\/2023\/09\/1-4.png\" data-sub-html=\"Warszawa Bielany Apart Hotel\">\r\n\t\t\t<a href=\"https:\/\/ttarch.pl\/en\/portfolio\/warszawa-bielany-apart-hotel\/\">\r\n\t\t\t\t<img loading=\"lazy\" width=\"720\" height=\"720\" src=\"https:\/\/ttarch.pl\/wp-content\/uploads\/2023\/09\/1-4-720x720.png\" class=\"attachment-theratio-portfolio-thumbnail-grid size-theratio-portfolio-thumbnail-grid wp-post-image\" alt=\"\" decoding=\"async\" srcset=\"https:\/\/ttarch.pl\/wp-content\/uploads\/2023\/09\/1-4-720x720.png 720w, https:\/\/ttarch.pl\/wp-content\/uploads\/2023\/09\/1-4-150x150.png 150w\" sizes=\"(max-width: 720px) 100vw, 720px\" \/>\t\t\t<\/a>\r\n\t\t\t<span class=\"overlay\">\r\n\t\t\t\t<h5>Warszawa Bielany Apart Hotel<\/h5>\r\n\t\t\t\t<i class=\"ot-flaticon-add\"><\/i>\r\n\t\t\t<\/span>\r\n\t\t<\/div>\r\n\t\t<div class=\"portfolio-info\">\r\n\t\t\t<div class=\"portfolio-info-inner\">\r\n\t\t\t\t<h5><a class=\"title-link\" href=\"https:\/\/ttarch.pl\/en\/portfolio\/warszawa-bielany-apart-hotel\/\" data-src=\"https:\/\/ttarch.pl\/wp-content\/uploads\/2023\/09\/1-4.png\" data-sub-html=\"Warszawa Bielany Apart Hotel\">Warszawa Bielany Apart Hotel<\/a><\/h5>\r\n\t\t\t\t<p class=\"portfolio-cates\"><a href=\"https:\/\/ttarch.pl\/en\/portfolio-category\/hotele\/\">Hotels<\/a><a href=\"https:\/\/ttarch.pl\/en\/portfolio-category\/obiekty\/\">Facilities<\/a><\/p> \r\n\t\t\t<\/div>\r\n\t\t\t<a class=\"overlay\" href=\"https:\/\/ttarch.pl\/en\/portfolio\/warszawa-bielany-apart-hotel\/\"><\/a>\r\n\t\t<\/div>\r\n\t<\/div>\r\n<\/div><div class=\"project-item category-36 category-15\">\r\n\t<div class=\"projects-box\">\r\n\t\t<div class=\"projects-thumbnail\" data-src=\"https:\/\/ttarch.pl\/wp-content\/uploads\/2023\/09\/KSI_01__n.png\" data-sub-html=\"Warszawa ul. Ksi\u0119\u017cycowa\">\r\n\t\t\t<a href=\"https:\/\/ttarch.pl\/en\/portfolio\/warszawa-ul-ksiezycowa\/\">\r\n\t\t\t\t<img loading=\"lazy\" width=\"720\" height=\"720\" src=\"https:\/\/ttarch.pl\/wp-content\/uploads\/2023\/09\/KSI_01__n-720x720.png\" class=\"attachment-theratio-portfolio-thumbnail-grid size-theratio-portfolio-thumbnail-grid wp-post-image\" alt=\"\" decoding=\"async\" srcset=\"https:\/\/ttarch.pl\/wp-content\/uploads\/2023\/09\/KSI_01__n-720x720.png 720w, https:\/\/ttarch.pl\/wp-content\/uploads\/2023\/09\/KSI_01__n-150x150.png 150w\" sizes=\"(max-width: 720px) 100vw, 720px\" \/>\t\t\t<\/a>\r\n\t\t\t<span class=\"overlay\">\r\n\t\t\t\t<h5>Warszawa ul. Ksi\u0119\u017cycowa<\/h5>\r\n\t\t\t\t<i class=\"ot-flaticon-add\"><\/i>\r\n\t\t\t<\/span>\r\n\t\t<\/div>\r\n\t\t<div class=\"portfolio-info\">\r\n\t\t\t<div class=\"portfolio-info-inner\">\r\n\t\t\t\t<h5><a class=\"title-link\" href=\"https:\/\/ttarch.pl\/en\/portfolio\/warszawa-ul-ksiezycowa\/\" data-src=\"https:\/\/ttarch.pl\/wp-content\/uploads\/2023\/09\/KSI_01__n.png\" data-sub-html=\"Warszawa ul. Ksi\u0119\u017cycowa\">Warszawa ul. Ksi\u0119\u017cycowa<\/a><\/h5>\r\n\t\t\t\t<p class=\"portfolio-cates\"><a href=\"https:\/\/ttarch.pl\/en\/portfolio-category\/mieszkalne\/\">RESIDENTIAL<\/a><a href=\"https:\/\/ttarch.pl\/en\/portfolio-category\/obiekty\/\">Facilities<\/a><\/p> \r\n\t\t\t<\/div>\r\n\t\t\t<a class=\"overlay\" href=\"https:\/\/ttarch.pl\/en\/portfolio\/warszawa-ul-ksiezycowa\/\"><\/a>\r\n\t\t<\/div>\r\n\t<\/div>\r\n<\/div><div class=\"project-item category-33 category-15\">\r\n\t<div class=\"projects-box\">\r\n\t\t<div class=\"projects-thumbnail\" data-src=\"https:\/\/ttarch.pl\/wp-content\/uploads\/2023\/09\/5-e1694173388148.png\" data-sub-html=\"Warszawa Wola Budynek Wysoko\u015bciowy 182m\">\r\n\t\t\t<a href=\"https:\/\/ttarch.pl\/en\/portfolio\/budynek-wysokosciowy-182m-warszawa-wola\/\">\r\n\t\t\t\t<img loading=\"lazy\" width=\"720\" height=\"720\" src=\"https:\/\/ttarch.pl\/wp-content\/uploads\/2023\/09\/5-e1694173388148-720x720.png\" class=\"attachment-theratio-portfolio-thumbnail-grid size-theratio-portfolio-thumbnail-grid wp-post-image\" alt=\"\" decoding=\"async\" srcset=\"https:\/\/ttarch.pl\/wp-content\/uploads\/2023\/09\/5-e1694173388148-720x720.png 720w, https:\/\/ttarch.pl\/wp-content\/uploads\/2023\/09\/5-e1694173388148-150x150.png 150w\" sizes=\"(max-width: 720px) 100vw, 720px\" \/>\t\t\t<\/a>\r\n\t\t\t<span class=\"overlay\">\r\n\t\t\t\t<h5>Warszawa Wola Budynek Wysoko\u015bciowy 182m<\/h5>\r\n\t\t\t\t<i class=\"ot-flaticon-add\"><\/i>\r\n\t\t\t<\/span>\r\n\t\t<\/div>\r\n\t\t<div class=\"portfolio-info\">\r\n\t\t\t<div class=\"portfolio-info-inner\">\r\n\t\t\t\t<h5><a class=\"title-link\" href=\"https:\/\/ttarch.pl\/en\/portfolio\/budynek-wysokosciowy-182m-warszawa-wola\/\" data-src=\"https:\/\/ttarch.pl\/wp-content\/uploads\/2023\/09\/5-e1694173388148.png\" data-sub-html=\"Warszawa Wola Budynek Wysoko\u015bciowy 182m\">Warszawa Wola Budynek Wysoko\u015bciowy 182m<\/a><\/h5>\r\n\t\t\t\t<p class=\"portfolio-cates\"><a href=\"https:\/\/ttarch.pl\/en\/portfolio-category\/biurowe\/\">office spaces<\/a><a href=\"https:\/\/ttarch.pl\/en\/portfolio-category\/obiekty\/\">Facilities<\/a><\/p> \r\n\t\t\t<\/div>\r\n\t\t\t<a class=\"overlay\" href=\"https:\/\/ttarch.pl\/en\/portfolio\/budynek-wysokosciowy-182m-warszawa-wola\/\"><\/a>\r\n\t\t<\/div>\r\n\t<\/div>\r\n<\/div><div class=\"project-item category-34 category-15\">\r\n\t<div class=\"projects-box\">\r\n\t\t<div class=\"projects-thumbnail\" data-src=\"https:\/\/ttarch.pl\/wp-content\/uploads\/2023\/09\/zanzibar-2-2-scaled.jpg\" data-sub-html=\"Hotel Zanzibar\">\r\n\t\t\t<a href=\"https:\/\/ttarch.pl\/en\/portfolio\/hotel-zanzibar\/\">\r\n\t\t\t\t<img loading=\"lazy\" width=\"720\" height=\"720\" src=\"https:\/\/ttarch.pl\/wp-content\/uploads\/2023\/09\/zanzibar-2-2-720x720.jpg\" class=\"attachment-theratio-portfolio-thumbnail-grid size-theratio-portfolio-thumbnail-grid wp-post-image\" alt=\"\" decoding=\"async\" srcset=\"https:\/\/ttarch.pl\/wp-content\/uploads\/2023\/09\/zanzibar-2-2-720x720.jpg 720w, https:\/\/ttarch.pl\/wp-content\/uploads\/2023\/09\/zanzibar-2-2-150x150.jpg 150w\" sizes=\"(max-width: 720px) 100vw, 720px\" \/>\t\t\t<\/a>\r\n\t\t\t<span class=\"overlay\">\r\n\t\t\t\t<h5>Hotel Zanzibar<\/h5>\r\n\t\t\t\t<i class=\"ot-flaticon-add\"><\/i>\r\n\t\t\t<\/span>\r\n\t\t<\/div>\r\n\t\t<div class=\"portfolio-info\">\r\n\t\t\t<div class=\"portfolio-info-inner\">\r\n\t\t\t\t<h5><a class=\"title-link\" href=\"https:\/\/ttarch.pl\/en\/portfolio\/hotel-zanzibar\/\" data-src=\"https:\/\/ttarch.pl\/wp-content\/uploads\/2023\/09\/zanzibar-2-2-scaled.jpg\" data-sub-html=\"Hotel Zanzibar\">Hotel Zanzibar<\/a><\/h5>\r\n\t\t\t\t<p class=\"portfolio-cates\"><a href=\"https:\/\/ttarch.pl\/en\/portfolio-category\/hotele\/\">Hotels<\/a><a href=\"https:\/\/ttarch.pl\/en\/portfolio-category\/obiekty\/\">Facilities<\/a><\/p> \r\n\t\t\t<\/div>\r\n\t\t\t<a class=\"overlay\" href=\"https:\/\/ttarch.pl\/en\/portfolio\/hotel-zanzibar\/\"><\/a>\r\n\t\t<\/div>\r\n\t<\/div>\r\n<\/div><div class=\"project-item category-34 category-15\">\r\n\t<div class=\"projects-box\">\r\n\t\t<div class=\"projects-thumbnail\" data-src=\"https:\/\/ttarch.pl\/wp-content\/uploads\/2023\/09\/VIZ-BU.png\" data-sub-html=\"Warszawa Praga Po\u0142udnie Apart Hotel\">\r\n\t\t\t<a href=\"https:\/\/ttarch.pl\/en\/portfolio\/apart-hotel-warszawa\/\">\r\n\t\t\t\t<img loading=\"lazy\" width=\"720\" height=\"720\" src=\"https:\/\/ttarch.pl\/wp-content\/uploads\/2023\/09\/VIZ-BU-720x720.png\" class=\"attachment-theratio-portfolio-thumbnail-grid size-theratio-portfolio-thumbnail-grid wp-post-image\" alt=\"\" decoding=\"async\" srcset=\"https:\/\/ttarch.pl\/wp-content\/uploads\/2023\/09\/VIZ-BU-720x720.png 720w, https:\/\/ttarch.pl\/wp-content\/uploads\/2023\/09\/VIZ-BU-150x150.png 150w\" sizes=\"(max-width: 720px) 100vw, 720px\" \/>\t\t\t<\/a>\r\n\t\t\t<span class=\"overlay\">\r\n\t\t\t\t<h5>Warszawa Praga Po\u0142udnie Apart Hotel<\/h5>\r\n\t\t\t\t<i class=\"ot-flaticon-add\"><\/i>\r\n\t\t\t<\/span>\r\n\t\t<\/div>\r\n\t\t<div class=\"portfolio-info\">\r\n\t\t\t<div class=\"portfolio-info-inner\">\r\n\t\t\t\t<h5><a class=\"title-link\" href=\"https:\/\/ttarch.pl\/en\/portfolio\/apart-hotel-warszawa\/\" data-src=\"https:\/\/ttarch.pl\/wp-content\/uploads\/2023\/09\/VIZ-BU.png\" data-sub-html=\"Warszawa Praga Po\u0142udnie Apart Hotel\">Warszawa Praga Po\u0142udnie Apart Hotel<\/a><\/h5>\r\n\t\t\t\t<p class=\"portfolio-cates\"><a href=\"https:\/\/ttarch.pl\/en\/portfolio-category\/hotele\/\">Hotels<\/a><a href=\"https:\/\/ttarch.pl\/en\/portfolio-category\/obiekty\/\">Facilities<\/a><\/p> \r\n\t\t\t<\/div>\r\n\t\t\t<a class=\"overlay\" href=\"https:\/\/ttarch.pl\/en\/portfolio\/apart-hotel-warszawa\/\"><\/a>\r\n\t\t<\/div>\r\n\t<\/div>\r\n<\/div><div class=\"project-item category-38 category-16\">\r\n\t<div class=\"projects-box\">\r\n\t\t<div class=\"projects-thumbnail\" data-src=\"https:\/\/ttarch.pl\/wp-content\/uploads\/2022\/10\/3-universal3.jpg\" data-sub-html=\"Krak\u00f3w\">\r\n\t\t\t<a href=\"https:\/\/ttarch.pl\/en\/portfolio\/krakow-3\/\">\r\n\t\t\t\t<img loading=\"lazy\" width=\"720\" height=\"720\" src=\"https:\/\/ttarch.pl\/wp-content\/uploads\/2022\/10\/3-universal3-720x720.jpg\" class=\"attachment-theratio-portfolio-thumbnail-grid size-theratio-portfolio-thumbnail-grid wp-post-image\" alt=\"\" decoding=\"async\" srcset=\"https:\/\/ttarch.pl\/wp-content\/uploads\/2022\/10\/3-universal3-720x720.jpg 720w, https:\/\/ttarch.pl\/wp-content\/uploads\/2022\/10\/3-universal3-150x150.jpg 150w\" sizes=\"(max-width: 720px) 100vw, 720px\" \/>\t\t\t<\/a>\r\n\t\t\t<span class=\"overlay\">\r\n\t\t\t\t<h5>Krakow<\/h5>\r\n\t\t\t\t<i class=\"ot-flaticon-add\"><\/i>\r\n\t\t\t<\/span>\r\n\t\t<\/div>\r\n\t\t<div class=\"portfolio-info\">\r\n\t\t\t<div class=\"portfolio-info-inner\">\r\n\t\t\t\t<h5><a class=\"title-link\" href=\"https:\/\/ttarch.pl\/en\/portfolio\/krakow-3\/\" data-src=\"https:\/\/ttarch.pl\/wp-content\/uploads\/2022\/10\/3-universal3.jpg\" data-sub-html=\"Krak\u00f3w\">Krakow<\/a><\/h5>\r\n\t\t\t\t<p class=\"portfolio-cates\"><a href=\"https:\/\/ttarch.pl\/en\/portfolio-category\/biurowe-wnetrza\/\">office spaces<\/a><a href=\"https:\/\/ttarch.pl\/en\/portfolio-category\/wnetrza\/\">Interior spaces<\/a><\/p> \r\n\t\t\t<\/div>\r\n\t\t\t<a class=\"overlay\" href=\"https:\/\/ttarch.pl\/en\/portfolio\/krakow-3\/\"><\/a>\r\n\t\t<\/div>\r\n\t<\/div>\r\n<\/div>\t\t\t<\/div>\r\n\r\n\t\t\t\t    <\/div>\r\n\t\t\t\t\t\t\t\t\t\t\r\n\t    \t\t<\/div>\n\t\t\t\t<\/div>\n\t\t\t\t\t<\/div>\n\t\t<\/div>\n\t\t\t\t\t\t\t<\/div>\n\t\t<\/section>\n\t\t\t\t\t\t\t<\/div>","protected":false},"excerpt":{"rendered":"<p>Opracowujemy projekty przetargowe stanowi\u0105ce baz\u0119 dla bezpiecznej wyceny planowanych prac budowlanych. Bazuj\u0105c na analizie oczekiwa\u0144 klienta, finalnego u\u017cytkownika obiektu oraz skali projektu, dostarczamy za\u0142o\u017cenia dotycz\u0105ce technologii budowy, planu rozmieszczenia jego element\u00f3w, instalacji czy zastosowanych konstrukcji. Nasze projekty przetargowe stanowi\u0105 uszczeg\u00f3\u0142owienie projektu budowlanego i opracowanie zapytania ofertowego na realizacj\u0119 inwestycji.&nbsp; Okre\u015blamy w nim precyzyjnie przedmiot zam\u00f3wienia, [&hellip;]<\/p>","protected":false},"author":1,"featured_media":5612,"parent":2405,"menu_order":0,"comment_status":"closed","ping_status":"closed","template":"","meta":{"footnotes":""},"_links":{"self":[{"href":"https:\/\/ttarch.pl\/en\/wp-json\/wp\/v2\/pages\/2539"}],"collection":[{"href":"https:\/\/ttarch.pl\/en\/wp-json\/wp\/v2\/pages"}],"about":[{"href":"https:\/\/ttarch.pl\/en\/wp-json\/wp\/v2\/types\/page"}],"author":[{"embeddable":true,"href":"https:\/\/ttarch.pl\/en\/wp-json\/wp\/v2\/users\/1"}],"replies":[{"embeddable":true,"href":"https:\/\/ttarch.pl\/en\/wp-json\/wp\/v2\/comments?post=2539"}],"version-history":[{"count":5,"href":"https:\/\/ttarch.pl\/en\/wp-json\/wp\/v2\/pages\/2539\/revisions"}],"predecessor-version":[{"id":5712,"href":"https:\/\/ttarch.pl\/en\/wp-json\/wp\/v2\/pages\/2539\/revisions\/5712"}],"up":[{"embeddable":true,"href":"https:\/\/ttarch.pl\/en\/wp-json\/wp\/v2\/pages\/2405"}],"wp:featuredmedia":[{"embeddable":true,"href":"https:\/\/ttarch.pl\/en\/wp-json\/wp\/v2\/media\/5612"}],"wp:attachment":[{"href":"https:\/\/ttarch.pl\/en\/wp-json\/wp\/v2\/media?parent=2539"}],"curies":[{"name":"wp","href":"https:\/\/api.w.org\/{rel}","templated":true}]}}