{"id":1958,"date":"2020-05-07T08:35:38","date_gmt":"2020-05-07T08:35:38","guid":{"rendered":"http:\/\/localhost\/theratio\/?page_id=1958"},"modified":"2024-07-10T11:31:33","modified_gmt":"2024-07-10T11:31:33","slug":"o-nas","status":"publish","type":"page","link":"https:\/\/ttarch.pl\/en\/o-nas\/","title":{"rendered":"About us"},"content":{"rendered":"<div data-elementor-type=\"wp-page\" data-elementor-id=\"1958\" class=\"elementor elementor-1958\" data-elementor-post-type=\"page\">\n\t\t\t\t\t\t\t\t\t<section class=\"elementor-section elementor-top-section elementor-element elementor-element-bdd9939 elementor-section-content-middle elementor-section-boxed elementor-section-height-default elementor-section-height-default\" data-id=\"bdd9939\" data-element_type=\"section\" data-settings=\"{&quot;jet_parallax_layout_list&quot;:[]}\">\n\t\t\t\t\t\t<div class=\"elementor-container elementor-column-gap-extended\">\n\t\t\t\t\t<div class=\"elementor-column elementor-col-50 elementor-top-column elementor-element elementor-element-12b070d ot-flex-column-vertical\" data-id=\"12b070d\" data-element_type=\"column\">\n\t\t\t<div class=\"elementor-widget-wrap elementor-element-populated\">\n\t\t\t\t\t\t\t\t<div class=\"elementor-element elementor-element-203adc4 elementor-widget elementor-widget-image\" data-id=\"203adc4\" data-element_type=\"widget\" data-widget_type=\"image.default\">\n\t\t\t\t<div class=\"elementor-widget-container\">\n\t\t\t<style>\/*! elementor - v3.15.0 - 20-08-2023 *\/\n.elementor-widget-image{text-align:center}.elementor-widget-image a{display:inline-block}.elementor-widget-image a img[src$=\".svg\"]{width:48px}.elementor-widget-image img{vertical-align:middle;display:inline-block}<\/style>\t\t\t\t\t\t\t\t\t\t\t\t<img decoding=\"async\" loading=\"lazy\" width=\"681\" height=\"1024\" src=\"https:\/\/ttarch.pl\/wp-content\/uploads\/2023\/08\/unnamed-2-681x1024.png\" class=\"attachment-large size-large wp-image-6120\" alt=\"\" srcset=\"https:\/\/ttarch.pl\/wp-content\/uploads\/2023\/08\/unnamed-2-681x1024.png 681w, https:\/\/ttarch.pl\/wp-content\/uploads\/2023\/08\/unnamed-2-199x300.png 199w, https:\/\/ttarch.pl\/wp-content\/uploads\/2023\/08\/unnamed-2-768x1155.png 768w, https:\/\/ttarch.pl\/wp-content\/uploads\/2023\/08\/unnamed-2-1021x1536.png 1021w, https:\/\/ttarch.pl\/wp-content\/uploads\/2023\/08\/unnamed-2-1362x2048.png 1362w\" sizes=\"(max-width: 681px) 100vw, 681px\" \/>\t\t\t\t\t\t\t\t\t\t\t\t\t\t\t<\/div>\n\t\t\t\t<\/div>\n\t\t\t\t\t<\/div>\n\t\t<\/div>\n\t\t\t\t<div class=\"elementor-column elementor-col-50 elementor-top-column elementor-element elementor-element-c955026 ot-flex-column-vertical\" data-id=\"c955026\" data-element_type=\"column\">\n\t\t\t<div class=\"elementor-widget-wrap elementor-element-populated\">\n\t\t\t\t\t\t\t\t<div class=\"elementor-element elementor-element-94474d6 elementor-widget elementor-widget-iheading\" data-id=\"94474d6\" data-element_type=\"widget\" data-widget_type=\"iheading.default\">\n\t\t\t\t<div class=\"elementor-widget-container\">\n\t\t\t\t\t<div class=\"ot-heading\">\r\n\t        \t        <h2 class=\"main-heading\">TT Arch<\/h2>\r\n\t        \t    <\/div>\r\n\t    \t\t<\/div>\n\t\t\t\t<\/div>\n\t\t\t\t<div class=\"elementor-element elementor-element-f34ed52 elementor-widget elementor-widget-text-editor\" data-id=\"f34ed52\" data-element_type=\"widget\" data-widget_type=\"text-editor.default\">\n\t\t\t\t<div class=\"elementor-widget-container\">\n\t\t\t<style>\/*! elementor - v3.15.0 - 20-08-2023 *\/\n.elementor-widget-text-editor.elementor-drop-cap-view-stacked .elementor-drop-cap{background-color:#69727d;color:#fff}.elementor-widget-text-editor.elementor-drop-cap-view-framed .elementor-drop-cap{color:#69727d;border:3px solid;background-color:transparent}.elementor-widget-text-editor:not(.elementor-drop-cap-view-default) .elementor-drop-cap{margin-top:8px}.elementor-widget-text-editor:not(.elementor-drop-cap-view-default) .elementor-drop-cap-letter{width:1em;height:1em}.elementor-widget-text-editor .elementor-drop-cap{float:left;text-align:center;line-height:1;font-size:50px}.elementor-widget-text-editor .elementor-drop-cap-letter{display:inline-block}<\/style>\t\t\t\tTT Arch was founded in 2021 by architect Tomasz Tomaszewski \u2013 in the years 2010-2014 Vice President of the National Council of the Chamber of Architects of Poland, awarded many times for his work \u2013 i.a. the awards of Z\u0142oty \u017buraw or Z\u0142ote Wiert\u0142o. The studio was created from a part of the FBT architectural office, which has been operating since 2000 and whose co-founder and long-term President of the Management Board is Tomasz Tomaszewski.\n<br><br>\nBased on extensive competences and experience gained while studying abroad and as a result of many years of cooperation with renowned foreign offices, operators and investors, he established a brand offering comprehensive design, architectural and multi-branch services.\n\t\t\t\t\t\t<\/div>\n\t\t\t\t<\/div>\n\t\t\t\t\t<\/div>\n\t\t<\/div>\n\t\t\t\t\t\t\t<\/div>\n\t\t<\/section>\n\t\t\t\t<section class=\"elementor-section elementor-top-section elementor-element elementor-element-4e0148d elementor-section-content-middle elementor-section-boxed elementor-section-height-default elementor-section-height-default\" data-id=\"4e0148d\" data-element_type=\"section\" data-settings=\"{&quot;jet_parallax_layout_list&quot;:[]}\">\n\t\t\t\t\t\t<div class=\"elementor-container elementor-column-gap-extended\">\n\t\t\t\t\t<div class=\"elementor-column elementor-col-100 elementor-top-column elementor-element elementor-element-864046e ot-flex-column-vertical\" data-id=\"864046e\" data-element_type=\"column\">\n\t\t\t<div class=\"elementor-widget-wrap elementor-element-populated\">\n\t\t\t\t\t\t\t\t<div class=\"elementor-element elementor-element-128141b theratio-align-center elementor-widget elementor-widget-iheading\" data-id=\"128141b\" data-element_type=\"widget\" data-widget_type=\"iheading.default\">\n\t\t\t\t<div class=\"elementor-widget-container\">\n\t\t\t\t\t<div class=\"ot-heading\">\r\n\t        \t        <h2 class=\"main-heading\">THE TEAM<\/h2>\r\n\t        \t    <\/div>\r\n\t    \t\t<\/div>\n\t\t\t\t<\/div>\n\t\t\t\t<div class=\"elementor-element elementor-element-f00a5c7 elementor-widget elementor-widget-text-editor\" data-id=\"f00a5c7\" data-element_type=\"widget\" data-widget_type=\"text-editor.default\">\n\t\t\t\t<div class=\"elementor-widget-container\">\n\t\t\t\t\t\t\t<p>Today, TT Arch is a team of qualified experts specializing in creating projects that support the achievement of goals \u2013 investors, individuals and originators. We cooperate with partners and clients from Polish and other international markets, fluent in Polish, French, English, Spanish and Ukrainian.By combining usability and design, we create architectural projects that meet the expectations of our clients and build the space they need.<\/p><p>\u00a0<\/p>\t\t\t\t\t\t<\/div>\n\t\t\t\t<\/div>\n\t\t\t\t\t<\/div>\n\t\t<\/div>\n\t\t\t\t\t\t\t<\/div>\n\t\t<\/section>\n\t\t\t\t<section class=\"elementor-section elementor-top-section elementor-element elementor-element-25131b5 elementor-section-full_width elementor-section-height-default elementor-section-height-default\" data-id=\"25131b5\" data-element_type=\"section\" data-settings=\"{&quot;background_background&quot;:&quot;classic&quot;,&quot;jet_parallax_layout_list&quot;:[]}\">\n\t\t\t\t\t\t<div class=\"elementor-container elementor-column-gap-default\">\n\t\t\t\t\t<div class=\"elementor-column elementor-col-100 elementor-top-column elementor-element elementor-element-a19f0ff ot-flex-column-vertical\" data-id=\"a19f0ff\" data-element_type=\"column\">\n\t\t\t<div class=\"elementor-widget-wrap elementor-element-populated\">\n\t\t\t\t\t\t\t\t<div class=\"elementor-element elementor-element-4bcce4f elementor-widget elementor-widget-jet-carousel\" data-id=\"4bcce4f\" data-element_type=\"widget\" data-settings=\"{&quot;slides_to_show&quot;:&quot;4&quot;,&quot;slides_to_show_tablet&quot;:&quot;2&quot;,&quot;slides_to_show_mobile&quot;:&quot;1&quot;,&quot;slides_to_scroll&quot;:&quot;1&quot;}\" data-widget_type=\"jet-carousel.default\">\n\t\t\t\t<div class=\"elementor-widget-container\">\n\t\t\t<div class=\"elementor-jet-carousel jet-elements\"><div class=\"jet-carousel-wrap\">\n\t<div class=\"jet-carousel\" data-slider_options=\"{&quot;autoplaySpeed&quot;:5000,&quot;autoplay&quot;:true,&quot;infinite&quot;:true,&quot;centerMode&quot;:false,&quot;centerPadding&quot;:&quot;50px&quot;,&quot;pauseOnHover&quot;:false,&quot;speed&quot;:500,&quot;arrows&quot;:false,&quot;dots&quot;:true,&quot;variableWidth&quot;:false,&quot;prevArrow&quot;:&quot;.jet-carousel__prev-arrow-4bcce4f&quot;,&quot;nextArrow&quot;:&quot;.jet-carousel__next-arrow-4bcce4f&quot;,&quot;rtl&quot;:false,&quot;fractionNav&quot;:false}\" dir=\"ltr\">\n\t<div class=\"elementor-slick-slider\">\n\n<div class=\"jet-carousel__item\">\n\t<div class=\"jet-carousel__item-inner\"><a href=\"#\" class=\"jet-carousel__item-link\" ><img decoding=\"async\" src=\"https:\/\/ttarch.pl\/wp-content\/uploads\/2022\/10\/mgr-in\u040a.-architekt-Tomasz-Tomaszewski-prezes-zarz\u2022du-720x720.jpg\" class=\"jet-carousel__item-img\" alt=\"mgr in\u040a. architekt Tomasz Tomaszewski prezes zarz\u2022du\" loading=\"lazy\"><\/a><div class=\"jet-carousel__content\"><h5 class=\"jet-carousel__item-title\">Tomasz Tomaszewski<\/h5><div class=\"jet-carousel__item-text\"><p>mgr in\u017c.architekt I<br \/>Prezes zarz\u0105du<\/p><\/div><\/div><\/div>\n<\/div>\n\n<div class=\"jet-carousel__item\">\n\t<div class=\"jet-carousel__item-inner\"><a href=\"#\" class=\"jet-carousel__item-link\" ><img decoding=\"async\" src=\"https:\/\/ttarch.pl\/wp-content\/uploads\/2022\/10\/mgr-Joanna-Sydor-architekt-wn\u00a9trz-wsp\u0490lnik-720x720.jpg\" class=\"jet-carousel__item-img\" alt=\"mgr Joanna Sydor architekt wn\u00a9trz wsp\u0490lnik\" loading=\"lazy\"><\/a><div class=\"jet-carousel__content\"><h5 class=\"jet-carousel__item-title\">Joanna Sydor<\/h5><div class=\"jet-carousel__item-text\"><p>mgr architekt wn\u0119trz I wsp\u00f3lnik<\/p><\/div><\/div><\/div>\n<\/div>\n\n<div class=\"jet-carousel__item\">\n\t<div class=\"jet-carousel__item-inner\"><a href=\"#\" class=\"jet-carousel__item-link\" ><img decoding=\"async\" src=\"https:\/\/ttarch.pl\/wp-content\/uploads\/2022\/10\/mgr-in\u040a.-architekt-Adrianna-Bia\u0418\u00a9ska-720x720.jpg\" class=\"jet-carousel__item-img\" alt=\"mgr in\u040a. architekt Adrianna Bia\u0418\u00a9ska\" loading=\"lazy\"><\/a><div class=\"jet-carousel__content\"><h5 class=\"jet-carousel__item-title\">Adrianna Bia\u0142\u0119ska<\/h5><div class=\"jet-carousel__item-text\"><p>mgr in\u017c. architekt<\/p><\/div><\/div><\/div>\n<\/div>\n\n<div class=\"jet-carousel__item\">\n\t<div class=\"jet-carousel__item-inner\"><a href=\"#\" class=\"jet-carousel__item-link\" ><img decoding=\"async\" src=\"https:\/\/ttarch.pl\/wp-content\/uploads\/2022\/10\/mgr-Agnieszka-Bataszow-specjalista-ds.-administracji-i-koordynacji-biura-720x720.jpg\" class=\"jet-carousel__item-img\" alt=\"mgr Agnieszka Bataszow specjalista ds. administracji i koordynacji biura\" loading=\"lazy\"><\/a><div class=\"jet-carousel__content\"><h5 class=\"jet-carousel__item-title\">Agnieszka Bataszow<\/h5><div class=\"jet-carousel__item-text\"><p>mgr specjalista ds. administracji i koordynacji biura<\/p><\/div><\/div><\/div>\n<\/div>\n\n<div class=\"jet-carousel__item\">\n\t<div class=\"jet-carousel__item-inner\"><img decoding=\"async\" src=\"https:\/\/ttarch.pl\/wp-content\/uploads\/2022\/10\/in\u040a.-architekt-Vladyslav-Kravets-720x720.jpg\" class=\"jet-carousel__item-img\" alt=\"in\u040a. architekt Vladyslav Kravets\" loading=\"lazy\"><div class=\"jet-carousel__content\"><h5 class=\"jet-carousel__item-title\">Vladyslav Kravets<\/h5><div class=\"jet-carousel__item-text\"><p>in\u017c. architekt<\/p><\/div><\/div><\/div>\n<\/div>\n\n<div class=\"jet-carousel__item\">\n\t<div class=\"jet-carousel__item-inner\"><img decoding=\"async\" src=\"https:\/\/ttarch.pl\/wp-content\/uploads\/2022\/10\/architekt-wn\u00a9trz-Karolina-Kuczaj--720x720.jpg\" class=\"jet-carousel__item-img\" alt=\"architekt wn\u00a9trz Karolina Kuczaj\" loading=\"lazy\"><div class=\"jet-carousel__content\"><h5 class=\"jet-carousel__item-title\">Karolina Kuczaj<\/h5><div class=\"jet-carousel__item-text\"><p>architekt wn\u0119trz<\/p><\/div><\/div><\/div>\n<\/div>\n\n<div class=\"jet-carousel__item\">\n\t<div class=\"jet-carousel__item-inner\"><img decoding=\"async\" src=\"https:\/\/ttarch.pl\/wp-content\/uploads\/2023\/08\/zdjecie-3-720x720.jpg\" class=\"jet-carousel__item-img\" alt=\"zdjecie 3\" loading=\"lazy\"><div class=\"jet-carousel__content\"><h5 class=\"jet-carousel__item-title\">Anna Godli\u0144ska-Sobol<\/h5><div class=\"jet-carousel__item-text\"><p>mgr in\u017c. arch.<\/p><\/div><\/div><\/div>\n<\/div>\n\n<div class=\"jet-carousel__item\">\n\t<div class=\"jet-carousel__item-inner\"><img decoding=\"async\" src=\"https:\/\/ttarch.pl\/wp-content\/uploads\/2023\/08\/nowy-720x720.png\" class=\"jet-carousel__item-img\" alt=\"nowy\" loading=\"lazy\"><div class=\"jet-carousel__content\"><h5 class=\"jet-carousel__item-title\">Jacek G\u0119czelewski<\/h5><div class=\"jet-carousel__item-text\"><p>mgr in\u017c. architekt<\/p><\/div><\/div><\/div>\n<\/div>\n<\/div><\/div>\n<\/div>\n<\/div>\t\t<\/div>\n\t\t\t\t<\/div>\n\t\t\t\t\t<\/div>\n\t\t<\/div>\n\t\t\t\t\t\t\t<\/div>\n\t\t<\/section>\n\t\t\t\t<section class=\"elementor-section elementor-top-section elementor-element elementor-element-9d8971e elementor-section-content-middle elementor-section-boxed elementor-section-height-default elementor-section-height-default\" data-id=\"9d8971e\" data-element_type=\"section\" data-settings=\"{&quot;jet_parallax_layout_list&quot;:[]}\">\n\t\t\t\t\t\t\t<div class=\"elementor-background-overlay\"><\/div>\n\t\t\t\t\t\t\t<div class=\"elementor-container elementor-column-gap-extended\">\n\t\t\t\t\t<div class=\"elementor-column elementor-col-100 elementor-top-column elementor-element elementor-element-716778d ot-flex-column-vertical\" data-id=\"716778d\" data-element_type=\"column\">\n\t\t\t<div class=\"elementor-widget-wrap elementor-element-populated\">\n\t\t\t\t\t\t\t\t<div class=\"elementor-element elementor-element-9140bab elementor-widget elementor-widget-text-editor\" data-id=\"9140bab\" data-element_type=\"widget\" data-widget_type=\"text-editor.default\">\n\t\t\t\t<div class=\"elementor-widget-container\">\n\t\t\t\t\t\t\tOur services are addressed to developers, investors, individual clients, but also numerous partners from the following industries:\t\t\t\t\t\t<\/div>\n\t\t\t\t<\/div>\n\t\t\t\t<div class=\"elementor-element elementor-element-0ab2a57 elementor-widget elementor-widget-text-editor\" data-id=\"0ab2a57\" data-element_type=\"widget\" data-widget_type=\"text-editor.default\">\n\t\t\t\t<div class=\"elementor-widget-container\">\n\t\t\t\t\t\t\t<ul><li>structural<\/li><li>ventilation systems<\/li><li>air conditioning<\/li><li>sewage<\/li><li>supply<\/li><li>CO<\/li><li>refrigeration<\/li><li>gas<\/li><li>electrical<\/li><li>low-current<\/li><li>technological<\/li><\/ul>\t\t\t\t\t\t<\/div>\n\t\t\t\t<\/div>\n\t\t\t\t\t<\/div>\n\t\t<\/div>\n\t\t\t\t\t\t\t<\/div>\n\t\t<\/section>\n\t\t\t\t\t\t\t<\/div>","protected":false},"excerpt":{"rendered":"<p>TT Arch Pracownia TT Arch zosta\u0142a za\u0142o\u017cona w 2021 roku przez architekta Tomasza Tomaszewskiego &#8211; w latach 2010-2014 Wiceprezesa Krajowej Rady Izby Architekt\u00f3w RP, wielokrotnie nagradzanego za swoj\u0105 prac\u0119 &#8211; m.in. nagrod\u0105 Z\u0142oty \u017buraw czy Z\u0142ote Wiert\u0142o. Pracownia powsta\u0142a z cz\u0119\u015bci biura architektonicznego FBT, kt\u00f3re funkcjonowa\u0142a od 2000 roku i kt\u00f3rej wsp\u00f3\u0142za\u0142o\u017cycielem i wieloletnim Prezesem [&hellip;]<\/p>","protected":false},"author":1,"featured_media":5612,"parent":0,"menu_order":0,"comment_status":"closed","ping_status":"closed","template":"","meta":{"footnotes":""},"_links":{"self":[{"href":"https:\/\/ttarch.pl\/en\/wp-json\/wp\/v2\/pages\/1958"}],"collection":[{"href":"https:\/\/ttarch.pl\/en\/wp-json\/wp\/v2\/pages"}],"about":[{"href":"https:\/\/ttarch.pl\/en\/wp-json\/wp\/v2\/types\/page"}],"author":[{"embeddable":true,"href":"https:\/\/ttarch.pl\/en\/wp-json\/wp\/v2\/users\/1"}],"replies":[{"embeddable":true,"href":"https:\/\/ttarch.pl\/en\/wp-json\/wp\/v2\/comments?post=1958"}],"version-history":[{"count":225,"href":"https:\/\/ttarch.pl\/en\/wp-json\/wp\/v2\/pages\/1958\/revisions"}],"predecessor-version":[{"id":6357,"href":"https:\/\/ttarch.pl\/en\/wp-json\/wp\/v2\/pages\/1958\/revisions\/6357"}],"wp:featuredmedia":[{"embeddable":true,"href":"https:\/\/ttarch.pl\/en\/wp-json\/wp\/v2\/media\/5612"}],"wp:attachment":[{"href":"https:\/\/ttarch.pl\/en\/wp-json\/wp\/v2\/media?parent=1958"}],"curies":[{"name":"wp","href":"https:\/\/api.w.org\/{rel}","templated":true}]}}